{"id":387,"date":"2021-02-19T16:39:44","date_gmt":"2021-02-19T16:39:44","guid":{"rendered":"https:\/\/reml.live\/?page_id=387"},"modified":"2021-02-19T16:39:45","modified_gmt":"2021-02-19T16:39:45","slug":"declaracion-de-privacidad","status":"publish","type":"page","link":"https:\/\/galicianbear.reml.live\/es\/declaracion-de-privacidad\/","title":{"rendered":"Declaraci\u00f3n de privacidad"},"content":{"rendered":"<!-- This legal document was generated by Complianz | GDPR\/CCPA Cookie Consent https:\/\/wordpress.org\/plugins\/complianz-gdpr -->\n<div id=\"cmplz-document\" class=\"cmplz-document privacy-statement\"><p><i>Esta declaraci\u00f3n de privacidad se actualiz\u00f3 por \u00faltima vez el febrero 19, 2021 y se aplica a los ciudadanos y residentes legales permanentes del Espacio Econ\u00f3mico Europeo.<\/i><\/p><p>En esta declaraci\u00f3n de privacidad, explicamos lo que hacemos con los datos que obtenemos sobre usted a trav\u00e9s de <a href=\"https:\/\/galicianbear.reml.live\/es\">https:\/\/galicianbear.reml.live\/es<\/a>. Le recomendamos que lea atentamente esta declaraci\u00f3n. En nuestro procesamiento cumplimos con los requisitos de la legislaci\u00f3n de privacidad. Lo que significa, entre otras cosas, que:<\/p><ul>\n                <li>indicamos claramente los fines para los que procesamos los datos personales. Hacemos esto por medio de esta declaraci\u00f3n de privacidad.<\/li>\n                <li>nuestro objetivo es limitar nuestra recopilaci\u00f3n de datos personales a los datos personales necesarios para fines leg\u00edtimos.<\/li>\n                <li>en primer lugar, solicitamos su consentimiento expl\u00edcito para el tratamiento de sus datos personales en los casos en que sea necesario.<\/li>\n                <li>tomamos las medidas de seguridad adecuadas para proteger sus datos personales y tambi\u00e9n se lo exigimos a las partes que procesan datos personales en nuestro nombre;<\/li>\n                <li>respetamos su derecho a acceder, rectificar o cancelar sus datos personales previa solicitud.<\/li>\n            <\/ul><p>Si tiene alguna pregunta o desea saber exactamente qu\u00e9 datos sobre usted guardamos, p\u00f3ngase en contacto con nosotros.<\/p><h2>1. Prop\u00f3sito, datos y periodo de retenci\u00f3n<\/h2><details class=\"cmplz-dropdown dropdown-privacy-statement\"><summary><div><h3>1.1 Contacto - Por tel\u00e9fono, correo, correo electr\u00f3nico y\/o formularios en el sitio<\/h3><\/div><\/summary><p class=\"cmplz-subtitle\">Para ello utilizamos los siguientes datos:<\/p><ul><li>Nombre, Direcciones y Ciudad<\/li><li>Direcci\u00f3n de correo electr\u00f3nico<\/li><li>Datos financieros<\/li><li>Fecha de nacimiento<\/li><li>Nombre de usuario, contrase\u00f1a y otras datos espec\u00edficos de la cuenta<\/li><li>Direcci\u00f3n IP<\/li><li>Localizaci\u00f3n<\/li><li>N\u00famero de telefono<\/li><\/ul><p class=\"cmplz-subtitle\">La base sobre la que podemos procesar estos datos es:<\/p><a target=\"_blank\" rel=\"noopener noreferrer nofollow\" href=\"https:\/\/cookiedatabase.org\/legal-bases\/#agreement\">Ejecuci\u00f3n de un acuerdo<\/a><p class=\"cmplz-subtitle\">Per\u00edodo de retenci\u00f3n<\/p><p>Retendremos estos datos hasta que el servicio sea cancelado.<\/p><\/details><details class=\"cmplz-dropdown dropdown-privacy-statement\"><summary><div><h3>1.2 Pagos<\/h3><\/div><\/summary><p class=\"cmplz-subtitle\">Para ello utilizamos los siguientes datos:<\/p><ul><li>Nombre, Direcciones y Ciudad<\/li><li>Direcci\u00f3n de correo electr\u00f3nico<\/li><li>Datos financieros<\/li><li>Nombre de usuario, contrase\u00f1a y otras datos espec\u00edficos de la cuenta<\/li><li>Direcci\u00f3n IP<\/li><li>N\u00famero de telefono<\/li><\/ul><p class=\"cmplz-subtitle\">La base sobre la que podemos procesar estos datos es:<\/p><a target=\"_blank\" rel=\"noopener noreferrer nofollow\" href=\"https:\/\/cookiedatabase.org\/legal-bases\/#consent\">Consentimiento obtenido<\/a><p class=\"cmplz-subtitle\">Per\u00edodo de retenci\u00f3n<\/p><p>Retendremos estos datos hasta que el servicio sea cancelado.<\/p><\/details><details class=\"cmplz-dropdown dropdown-privacy-statement\"><summary><div><h3>1.3 Registrando una cuenta<\/h3><\/div><\/summary><p class=\"cmplz-subtitle\">Para ello utilizamos los siguientes datos:<\/p><ul><li>Nombre, Direcciones y Ciudad<\/li><li>Direcci\u00f3n de correo electr\u00f3nico<\/li><li>Nombre de usuario, contrase\u00f1a y otras datos espec\u00edficos de la cuenta<\/li><\/ul><p class=\"cmplz-subtitle\">La base sobre la que podemos procesar estos datos es:<\/p><a target=\"_blank\" rel=\"noopener noreferrer nofollow\" href=\"https:\/\/cookiedatabase.org\/legal-bases\/#consent\">Consentimiento obtenido<\/a><p class=\"cmplz-subtitle\">Per\u00edodo de retenci\u00f3n<\/p><p>Retendremos estos datos hasta que el servicio sea cancelado.<\/p><\/details><details class=\"cmplz-dropdown dropdown-privacy-statement\"><summary><div><h3>1.4 Boletines de noticias<\/h3><\/div><\/summary><p class=\"cmplz-subtitle\">Para ello utilizamos los siguientes datos:<\/p><ul><li>Nombre, Direcciones y Ciudad<\/li><li>Direcci\u00f3n de correo electr\u00f3nico<\/li><\/ul><p class=\"cmplz-subtitle\">La base sobre la que podemos procesar estos datos es:<\/p><a target=\"_blank\" rel=\"noopener noreferrer nofollow\" href=\"https:\/\/cookiedatabase.org\/legal-bases\/#consent\">Consentimiento obtenido<\/a><p class=\"cmplz-subtitle\">Per\u00edodo de retenci\u00f3n<\/p><p>Retendremos estos datos hasta que el servicio sea cancelado.<\/p><\/details><details class=\"cmplz-dropdown dropdown-privacy-statement\"><summary><div><h3>1.5 Para dar soporte a servicios o productos que un cliente quiere comprar o ha comprado<\/h3><\/div><\/summary><p class=\"cmplz-subtitle\">Para ello utilizamos los siguientes datos:<\/p><ul><li>Nombre, Direcciones y Ciudad<\/li><li>Direcci\u00f3n de correo electr\u00f3nico<\/li><li>Nombre de usuario, contrase\u00f1a y otras datos espec\u00edficos de la cuenta<\/li><li>N\u00famero de telefono<\/li><\/ul><p class=\"cmplz-subtitle\">La base sobre la que podemos procesar estos datos es:<\/p><a target=\"_blank\" rel=\"noopener noreferrer nofollow\" href=\"https:\/\/cookiedatabase.org\/legal-bases\/#consent\">Consentimiento obtenido<\/a><p class=\"cmplz-subtitle\">Per\u00edodo de retenci\u00f3n<\/p><p>Retendremos estos datos hasta que el servicio sea cancelado.<\/p><\/details><details class=\"cmplz-dropdown dropdown-privacy-statement\"><summary><div><h3>1.6 Para poder cumplir con las obligaciones legales<\/h3><\/div><\/summary><p class=\"cmplz-subtitle\">Para ello utilizamos los siguientes datos:<\/p><ul><li>Nombre, Direcciones y Ciudad<\/li><li>Direcci\u00f3n de correo electr\u00f3nico<\/li><li>Nombre de usuario, contrase\u00f1a y otras datos espec\u00edficos de la cuenta<\/li><\/ul><p class=\"cmplz-subtitle\">La base sobre la que podemos procesar estos datos es:<\/p><a target=\"_blank\" rel=\"noopener noreferrer nofollow\" href=\"https:\/\/cookiedatabase.org\/legal-bases\/#consent\">Consentimiento obtenido<\/a><p class=\"cmplz-subtitle\">Per\u00edodo de retenci\u00f3n<\/p><p>Retendremos estos datos hasta que el servicio sea cancelado.<\/p><\/details><details class=\"cmplz-dropdown dropdown-privacy-statement\"><summary><div><h3>1.7 Recopilaci\u00f3n y an\u00e1lisis de estad\u00edsticas para la mejora del sitio web.<\/h3><\/div><\/summary><p class=\"cmplz-subtitle\">Para ello utilizamos los siguientes datos:<\/p><ul><li>Direcci\u00f3n IP<\/li><li>Comportamiento del visitante<\/li><\/ul><p class=\"cmplz-subtitle\">La base sobre la que podemos procesar estos datos es:<\/p><a target=\"_blank\" rel=\"noopener noreferrer nofollow\" href=\"https:\/\/cookiedatabase.org\/legal-bases\/#consent\">Consentimiento obtenido<\/a><p class=\"cmplz-subtitle\">Per\u00edodo de retenci\u00f3n<\/p><p>Retendremos estos datos hasta que el servicio sea cancelado.<\/p><\/details><details class=\"cmplz-dropdown dropdown-privacy-statement\"><summary><div><h3>1.8 Poder ofrecer productos y servicios personalizados.<\/h3><\/div><\/summary><p class=\"cmplz-subtitle\">Para ello utilizamos los siguientes datos:<\/p><ul><li>Direcci\u00f3n IP<\/li><li>Comportamiento del visitante<\/li><\/ul><p class=\"cmplz-subtitle\">La base sobre la que podemos procesar estos datos es:<\/p><a target=\"_blank\" rel=\"noopener noreferrer nofollow\" href=\"https:\/\/cookiedatabase.org\/legal-bases\/#consent\">Consentimiento obtenido<\/a><p class=\"cmplz-subtitle\">Per\u00edodo de retenci\u00f3n<\/p><p>Retendremos estos datos hasta que el servicio sea cancelado.<\/p><\/details><h2>2. Cookies<\/h2>Nuestro sitio web utiliza cookies. Para m\u00e1s informaci\u00f3n acerca de las cookies, por favor refi\u00e9rase a nuestra Declaraci\u00f3n de <a href=\"https:\/\/galicianbear.reml.live\/es\/politica-de-cookies\/\">Pol\u00edtica de Cookies<\/a>.&nbsp;<h2>3. Estad\u00edsticas<\/h2>Llevamos un registro de estad\u00edsticas an\u00f3nimas para saber con qu\u00e9 frecuencia y de qu\u00e9 manera los visitantes utilizan nuestro sitio web.La inclusi\u00f3n de direcciones IP completas es bloqueada por nosotros.<h2>4. Seguridad<\/h2>Estamos comprometidos con la seguridad de los datos personales. Tomamos las medidas de seguridad adecuadas para limitar el abuso y el acceso no autorizado a los datos personales. Esto asegura que s\u00f3lo las personas necesarias tengan acceso a sus datos, que el acceso a los datos est\u00e9 protegido y que nuestras medidas de seguridad sean revisadas regularmente.<h2>5. Sitios web de terceros<\/h2>Esta declaraci\u00f3n de privacidad no se aplica a los sitios web de terceros conectados mediante enlaces en nuestro sitio web. No podemos garantizar que estas terceras partes manejen sus datos personales de forma fiable o segura. Le recomendamos que lea las declaraciones de privacidad de estos sitios web antes de utilizarlos.<h2>6. Privacidad y referencia a la declaraci\u00f3n de privacidad<\/h2>Nos reservamos el derecho de hacer enmiendas a esta declaraci\u00f3n de privacidad. Se recomienda que consulte esta declaraci\u00f3n de privacidad regularmente para estar al tanto de cualquier cambio. Adem\u00e1s, le informaremos activamente siempre que sea posible.<h2>7. Acceso y modificaci\u00f3n de sus datos<\/h2><p>Si tiene alguna pregunta o desea saber qu\u00e9 datos personales tenemos sobre usted, p\u00f3ngase en contacto con nosotros. Puede ponerse en contacto con nosotros utilizando la siguiente informaci\u00f3n. Usted tiene los siguientes derechos:<\/p><ul>\n                <li>Usted tiene derecho a saber por qu\u00e9 se necesitan sus datos personales, qu\u00e9 suceder\u00e1 con ellos y durante cu\u00e1nto tiempo se conservar\u00e1n.<\/li>\n                <li>Derecho de acceso: Tiene derecho a acceder a los datos personales que conocemos sobre usted.<\/li>\n                <li>Derecho de rectificaci\u00f3n: tiene derecho a completar, rectificar, borrar o bloquear sus datos personales cuando lo desee.<\/li>\n                <li>Si usted nos da su consentimiento para procesar sus datos, tiene derecho a revocar dicho consentimiento y a que se eliminen sus datos personales.<\/li>\n                <li>Derecho de cesi\u00f3n de sus datos: tiene derecho a solicitar todos sus datos personales al controlador y a transferirlos \u00edntegramente a otro controlador.<\/li>\n                <li>Derecho de oposici\u00f3n: usted puede oponerse al tratamiento de sus datos. Nosotros cumplimos con esto, a menos que existan motivos justificados para el procesamiento.<\/li>\n            <\/ul><p>Por favor, aseg\u00farese de indicar siempre claramente qui\u00e9n es usted, para que podamos estar seguros de que no modificamos o eliminamos ning\u00fan dato de la persona equivocada.<\/p><h2>8. Enviando una queja<\/h2>Si no est\u00e1 satisfecho con la forma en que tratamos o procesamos sus datos personales, tiene derecho a presentar una queja a la Autoridad de Protecci\u00f3n de Datos.<h2>9. Detalles de contacto<\/h2><p>Estado REML<br>\n        Contorno del cuerpo REML<br>\n        Reunion<br>\n        Sitio web: <a href=\"https:\/\/galicianbear.reml.live\/es\">https:\/\/galicianbear.reml.live\/es<\/a> <br>\n        Email: <a href=\"mailto:&#x69;nfo&#x40;r&#x65;ml&#x2e;liv&#101;\">&#x69;nfo&#x40;r&#x65;ml&#x2e;liv&#101;<\/a> <br>\n        <\/p><h2>Anexo<\/h2><h3>WooCommerce<\/h3>\r\n<div class=\"wp-suggested-text\">\r\n<p class=\"privacy-policy-tutorial\">Este texto de muestra incluye los b\u00e1sicos sobre qu\u00e9 datos personales recopila, almacena y comparte tu tienda, as\u00ed como qui\u00e9n tiene acceso a esos datos. Dependiendo de qu\u00e9 ajustes est\u00e9n activos y qu\u00e9 plugins adicionales se usane, la informaci\u00f3n espec\u00edfica compartida por tu tienda puede variar. Te recomendamos que consultes a un abogado para decidir qu\u00e9 informaci\u00f3n mostrar en tu pol\u00edtica de privacidad.<\/p>\r\nRecopilamos informaci\u00f3n tuya durante el proceso de pago en nuestra tienda.\r\n<h2>Lo que recopilamos y almacenamos<\/h2>\r\nMientras visitas nuestro sitio realizaremos el seguimiento de:\r\n<ul>\r\n \t<li>Los productos que has visto: usaremos esto para, por ejemplo, mostrarte productos que has visto recientemente<\/li>\r\n \t<li>Ubicaci\u00f3n, direcci\u00f3n IP y tipo de navegador: usaremos esto para prop\u00f3sitos como estimar impuestos y costes de env\u00edo<\/li>\r\n \t<li>Direcci\u00f3n de env\u00edo: te pediremos que facilites esto para que podamos, por ejemplo, estimar el coste del env\u00edo antes de que hagas un pedido, \u00a1y enviarte el pedido!<\/li>\r\n<\/ul>\r\nTambi\u00e9n usamos cookies para realizar el seguimiento de los contenidos del carrito mientras navegas por nuestro sitio.\r\n<p class=\"privacy-policy-tutorial\">Observaci\u00f3n: puede que quieras detallar tu pol\u00edtica de cookies, y enlazar desde aqu\u00ed a esta secci\u00f3n.<\/p>\r\nCuando nos compras algo te pedimos que facilites informaci\u00f3n que incluye tu nombre, direcci\u00f3n de facturaci\u00f3n, direcci\u00f3n de env\u00edo, direcci\u00f3n de correo electr\u00f3nico, n\u00famero de tel\u00e9fono, detalles de la tarjeta de cr\u00e9dito\/pago e informaci\u00f3n adicional opcional como el nombre de usuario y la contrase\u00f1a. Usaremos esta informaci\u00f3n para prop\u00f3sitos como:\r\n<ul>\r\n \t<li>Enviarte informaci\u00f3n sobre tu cuenta y pedido<\/li>\r\n \t<li>Responder a tus solicitudes, incluidos reembolsos y reclamaciones<\/li>\r\n \t<li>Procesar pagos y evitar el fraude<\/li>\r\n \t<li>Configurar tu cuenta para nuestra tienda<\/li>\r\n \t<li>Cumplir con cualquier obligaci\u00f3n legal que tengamos, como c\u00e1lculos de impuestos<\/li>\r\n \t<li>Mejorar las ofertas de nuestra tienda<\/li>\r\n \t<li>Enviarte mensajes promocionales, si eliges recibirlos<\/li>\r\n<\/ul>\r\nSi creas una cuenta almacenaremos tu nombre, direcci\u00f3n, correo electr\u00f3nico y n\u00famero de tel\u00e9fono, lo que usaremos para el proceso de pago y futuros pedidos.\r\n\r\nNormalmente almacenamos informaci\u00f3n sobre ti durante el tiempo que necesitemos la informaci\u00f3n para los prop\u00f3sitos para los que la recopilamos y usamos, y no estemos legalmente obligados a seguir guard\u00e1ndola. Por ejemplo, almacenaremos informaci\u00f3n de los pedidos durante 10 a\u00f1os para prop\u00f3sitos de impuestos y contabilidad. Esto incluye tu nombre, direcci\u00f3n de correo electr\u00f3nico y direcciones de facturaci\u00f3n y env\u00edo.\r\n\r\nTambi\u00e9n almacenamos comentarios o valoraciones, si eliges dejarlos.\r\n<h2>Qui\u00e9n de nuestro equipo tiene acceso<\/h2>\r\nLos miembros de nuestro equipo tienen acceso a la informaci\u00f3n que nos ofreces. Por ejemplo, los administradores y gestores de tienda pueden acceder:\r\n<ul>\r\n \t<li>La informaci\u00f3n de pedidos, como qu\u00e9 se compr\u00f3, cu\u00e1ndo se compr\u00f3 y d\u00f3nde se deber\u00eda enviar, y<\/li>\r\n \t<li>La informaci\u00f3n de cliente, como tu nombre, direcci\u00f3n de correo electr\u00f3nico, y la informaci\u00f3n de facturaci\u00f3n y env\u00edo.<\/li>\r\n<\/ul>\r\nLos miembros de nuestro equipo tienen acceso a esta informaci\u00f3n para ayudar a completar pedidos, procesar reembolsos y darte soporte.\r\n<h2>Lo que compartimos con otros<\/h2>\r\n<p class=\"privacy-policy-tutorial\">En esta secci\u00f3n deber\u00edas apuntar con qui\u00e9n est\u00e1s compartiendo datos, y con qu\u00e9 objetivo. Esto podr\u00eda incluir, pero no est\u00e1 solo limitado a ello, an\u00e1lisis, marketing, pasarelas de pago, proveedores de env\u00edo, e incrustados de terceros.<\/p>\r\nCompartimos informaci\u00f3n con otros, que nos ayudan a ofrecer nuestros pedidos y gestionar servicios para ti; por ejemplo --\r\n<h3>Pagos<\/h3>\r\n<p class=\"privacy-policy-tutorial\">En esta subsecci\u00f3n deber\u00edas apuntar qu\u00e9 otros procesadores de pago externos est\u00e1s usando para admitir pagos en tu tienda, ya que puede que manejen datos de los clientes. Hemos incluido PayPal como ejemplo, pero deber\u00edas borrarlo si no est\u00e1s usando PayPal.<\/p>\r\nAceptamos pagos mediante PayPal. Al procesar pagos algunos de tus datos se pasar\u00e1n a PayPal, incluida la informaci\u00f3n requerida para procesar o dar soporte al pago, tales como el total de la compra y la informaci\u00f3n de facturaci\u00f3n.\r\n\r\nPor favor, revisa la <a href=\"https:\/\/www.paypal.com\/es\/webapps\/mpp\/ua\/privacy-full\">pol\u00edtica de privacidad de PayPal<\/a> para m\u00e1s detalles.\r\n\r\n<\/div><\/div>","protected":false},"excerpt":{"rendered":"","protected":false},"author":1,"featured_media":0,"parent":0,"menu_order":0,"comment_status":"closed","ping_status":"closed","template":"","meta":{"_genesis_hide_title":false,"_genesis_hide_breadcrumbs":false,"_genesis_hide_singular_image":false,"_genesis_hide_footer_widgets":false,"_genesis_custom_body_class":"","_genesis_custom_post_class":"","_genesis_layout":""},"featured_image_src":null,"featured_image_src_square":null,"_links":{"self":[{"href":"https:\/\/galicianbear.reml.live\/es\/wp-json\/wp\/v2\/pages\/387"}],"collection":[{"href":"https:\/\/galicianbear.reml.live\/es\/wp-json\/wp\/v2\/pages"}],"about":[{"href":"https:\/\/galicianbear.reml.live\/es\/wp-json\/wp\/v2\/types\/page"}],"author":[{"embeddable":true,"href":"https:\/\/galicianbear.reml.live\/es\/wp-json\/wp\/v2\/users\/1"}],"replies":[{"embeddable":true,"href":"https:\/\/galicianbear.reml.live\/es\/wp-json\/wp\/v2\/comments?post=387"}],"version-history":[{"count":1,"href":"https:\/\/galicianbear.reml.live\/es\/wp-json\/wp\/v2\/pages\/387\/revisions"}],"predecessor-version":[{"id":390,"href":"https:\/\/galicianbear.reml.live\/es\/wp-json\/wp\/v2\/pages\/387\/revisions\/390"}],"wp:attachment":[{"href":"https:\/\/galicianbear.reml.live\/es\/wp-json\/wp\/v2\/media?parent=387"}],"curies":[{"name":"wp","href":"https:\/\/api.w.org\/{rel}","templated":true}]}}