{"id":388,"date":"2021-02-19T16:40:13","date_gmt":"2021-02-19T16:40:13","guid":{"rendered":"https:\/\/reml.live\/?page_id=388"},"modified":"2021-02-19T16:40:14","modified_gmt":"2021-02-19T16:40:14","slug":"descargo-de-responsabilidad","status":"publish","type":"page","link":"https:\/\/galicianbear.reml.live\/es\/descargo-de-responsabilidad\/","title":{"rendered":"Descargo de responsabilidad"},"content":{"rendered":"<!-- This legal document was generated by Complianz | GDPR\/CCPA Cookie Consent https:\/\/wordpress.org\/plugins\/complianz-gdpr -->\n<div id=\"cmplz-document\" class=\"cmplz-document disclaimer\"><p>Estado REML se compromete a mantener este sitio web actualizado y preciso. Si, a pesar de todo, encontrara algo incorrecto o desactualizado, le agradecer\u00edamos que nos lo hiciera saber. Por favor, indique en qu\u00e9 parte del sitio web ha le\u00eddo la informaci\u00f3n. Entonces lo examinaremos lo antes posible. Por favor, env\u00ede su duda por correo electr\u00f3nico a: <a href=\"mailto:&#105;nfo&#064;re&#109;l&#x2e;live\">&#105;nfo&#064;re&#109;l&#x2e;live<\/a>.<\/p><p>No nos hacemos responsables de la p\u00e9rdida como resultado de inexactitudes o incompletitud, ni de la p\u00e9rdida resultante de problemas causados por o inherentes a la difusi\u00f3n de informaci\u00f3n a trav\u00e9s de Internet, tales como disrupciones o interrupciones. Al utilizar formularios web, nos esforzamos por limitar al m\u00ednimo el n\u00famero de campos obligatorios. Por cualquier p\u00e9rdida sufrida como resultado del uso de datos, asesor\u00eda o ideas proporcionados por o en nombre de Estado REML a trav\u00e9s de este sitio web, Estado REML no acepta ninguna responsabilidad.<\/p><p>Estado REML  debe hacer cada esfuerzo razonable para proteger sis sistemas contra cualquier forma de uso ilegal. Estado REML aplicar\u00e1n las medidas t\u00e9cnicas y organizativas adecuadas a tal fin, teniendo en cuenta, entre otras cosas, el estado actual de la t\u00e9cnica. No obstante, no se hace responsable de los perjuicios, directos y\/o indirectos, sufridos por el usuario de la p\u00e1gina web, que se deriven de la utilizaci\u00f3n il\u00edcita de sus sistemas por un tercero.<\/p><p>Estado REML no se hace responsable del contenido de las p\u00e1ginas web a las que se hace referencia mediante hiperv\u00ednculos u otras referencias. Los productos o servicios ofrecidos por terceros estar\u00e1n sujetos a los t\u00e9rminos y condiciones aplicables de dichos terceros.<\/p><p>Todos los derechos de propiedad intelectual sobre el contenido de este sitio web est\u00e1n en manos de Estado REML o de terceros que han colocado el contenido por s\u00ed mismos o de quienes Estado REML ha obtenido una licencia de uso.<\/p><p>La copia, difusi\u00f3n y cualquier otro uso de estos materiales no est\u00e1 permitido sin el permiso escrito de Estado REML, excepto y s\u00f3lo en la medida en que se estipule lo contrario en los reglamentos de la ley obligatoria (como el derecho a cotizar), a menos que el contenido espec\u00edfico dicte lo contrario.<\/p><p>Si tiene alguna pregunta o problema con la accesibilidad del sitio web, no dude en ponerse en contacto con nosotros.<\/p><\/div>","protected":false},"excerpt":{"rendered":"","protected":false},"author":1,"featured_media":0,"parent":0,"menu_order":0,"comment_status":"closed","ping_status":"closed","template":"","meta":{"_genesis_hide_title":false,"_genesis_hide_breadcrumbs":false,"_genesis_hide_singular_image":false,"_genesis_hide_footer_widgets":false,"_genesis_custom_body_class":"","_genesis_custom_post_class":"","_genesis_layout":""},"featured_image_src":null,"featured_image_src_square":null,"_links":{"self":[{"href":"https:\/\/galicianbear.reml.live\/es\/wp-json\/wp\/v2\/pages\/388"}],"collection":[{"href":"https:\/\/galicianbear.reml.live\/es\/wp-json\/wp\/v2\/pages"}],"about":[{"href":"https:\/\/galicianbear.reml.live\/es\/wp-json\/wp\/v2\/types\/page"}],"author":[{"embeddable":true,"href":"https:\/\/galicianbear.reml.live\/es\/wp-json\/wp\/v2\/users\/1"}],"replies":[{"embeddable":true,"href":"https:\/\/galicianbear.reml.live\/es\/wp-json\/wp\/v2\/comments?post=388"}],"version-history":[{"count":1,"href":"https:\/\/galicianbear.reml.live\/es\/wp-json\/wp\/v2\/pages\/388\/revisions"}],"predecessor-version":[{"id":391,"href":"https:\/\/galicianbear.reml.live\/es\/wp-json\/wp\/v2\/pages\/388\/revisions\/391"}],"wp:attachment":[{"href":"https:\/\/galicianbear.reml.live\/es\/wp-json\/wp\/v2\/media?parent=388"}],"curies":[{"name":"wp","href":"https:\/\/api.w.org\/{rel}","templated":true}]}}